{"id":34,"date":"2024-09-05T22:42:11","date_gmt":"2024-09-05T20:42:11","guid":{"rendered":"https:\/\/picts.av-lan.net\/hillstar\/"},"modified":"2025-06-06T15:35:33","modified_gmt":"2025-06-06T13:35:33","slug":"hillstar","status":"publish","type":"page","link":"https:\/\/picts.av-lan.net\/","title":{"rendered":"Startseite"},"content":{"rendered":"<div data-colibri-id=\"34-c1\" class=\"style-182 style-local-34-c1 position-relative\">\n  <!---->\n  <div data-colibri-component=\"section\" data-colibri-id=\"34-c2\" id=\"overlappable\" class=\"h-section h-section-global-spacing d-flex align-items-lg-center align-items-md-center align-items-center style-183 style-local-34-c2 position-relative\">\n    <!---->\n    <!---->\n    <div class=\"h-section-grid-container h-section-boxed-container\">\n      <!---->\n      <div data-colibri-id=\"34-c3\" class=\"h-row-container gutters-row-lg-0 gutters-row-md-0 gutters-row-2 gutters-row-v-lg-2 gutters-row-v-md-2 gutters-row-v-2 style-184 style-local-34-c3 position-relative\">\n        <!---->\n        <div class=\"h-row justify-content-lg-center justify-content-md-center justify-content-center align-items-lg-stretch align-items-md-stretch align-items-stretch gutters-col-lg-0 gutters-col-md-0 gutters-col-2 gutters-col-v-lg-2 gutters-col-v-md-2 gutters-col-v-2\">\n          <!---->\n          <div class=\"h-column h-column-container d-flex h-col-lg-3 h-col-md-3 h-col-12 style-185-outer style-local-34-c4-outer\">\n            <div data-colibri-id=\"34-c4\" class=\"d-flex h-flex-basis h-column__inner h-px-lg-3 h-px-md-3 h-px-2 v-inner-lg-3 v-inner-md-3 v-inner-2 style-185 style-local-34-c4 position-relative\">\n              <!---->\n              <!---->\n              <div class=\"w-100 h-y-container h-column__content h-column__v-align flex-basis-100 align-self-lg-center align-self-md-center align-self-center\">\n                <!---->\n                <div data-colibri-id=\"34-c5\" class=\"h-icon style-186 style-local-34-c5 position-relative h-element\">\n                  <!----><span class=\"h-svg-icon h-icon__icon style-186-icon style-local-34-c5-icon\"><!--Icon by Icons8 Line Awesome (https:\/\/icons8.com\/line-awesome)--><svg version=\"1.1\" xmlns=\"http:\/\/www.w3.org\/2000\/svg\" xmlns:xlink=\"http:\/\/www.w3.org\/1999\/xlink\" id=\"archive\" viewBox=\"0 0 512 545.5\"><path d=\"M64 112h384v96h-16v256H80V208H64v-96zm32 32v32h320v-32H96zm16 64v224h288V208H112zm93 32c.207-.01.543-.018.75-.018s.543.008.75.018c.207-.01.543-.018.75-.018s.543.008.75.018h96l.227-.002c8.833 0 16 7.17 16 16.002s-7.167 16.002-16 16.002L304 272h-96c-.413.04-1.085.07-1.5.07-8.87 0-16.07-7.2-16.07-16.07 0-8.078 6.527-15.246 14.57-16z\"><\/path><\/svg><\/span><\/div>\n                <div\n                  data-colibri-id=\"34-c6\" class=\"h-global-transition-all h-heading style-187 style-local-34-c6 position-relative h-element\">\n                  <!---->\n                  <div class=\"h-heading__outer style-187 style-local-34-c6\">\n                    <!---->\n                    <!---->\n                    <h5 class=\"\">Material im Schulhaus<\/h5>\n                  <\/div>\n              <\/div>\n              <div data-colibri-id=\"34-c7\" class=\"h-text h-text-component style-188 style-local-34-c7 position-relative h-element\">\n                <!---->\n                <!---->\n                <div class=\"\">\n                  <p>Wusstest du, dass wir einen riesigen Greenscreen haben? Bald findest du hier eine Liste!<\/p>\n                <\/div>\n              <\/div>\n            <\/div>\n          <\/div>\n        <\/div>\n        <div class=\"h-column h-column-container d-flex h-col-lg-3 h-col-md-3 h-col-12 style-185-outer style-local-34-c8-outer\">\n          <div data-colibri-id=\"34-c8\" class=\"d-flex h-flex-basis h-column__inner h-px-lg-3 h-px-md-3 h-px-2 v-inner-lg-3 v-inner-md-3 v-inner-2 style-185 style-local-34-c8 position-relative\">\n            <!---->\n            <!---->\n            <div class=\"w-100 h-y-container h-column__content h-column__v-align flex-basis-100 align-self-lg-center align-self-md-center align-self-center\">\n              <!---->\n              <div data-colibri-id=\"34-c9\" class=\"h-icon style-186 style-local-34-c9 position-relative h-element\">\n                <!---->\n                <a href=\"https:\/\/winschulen.sharepoint.com\/sites\/supportcenter\/SitePages\/06.01%20iPad-einsetzen-bei-SuS-mit-besonderen-Bed%C3%BCrfnissen.aspx?CID=ef928837-e317-4928-bb55-66174ac158dc\" target=\"_blank\" h-use-smooth-scroll=\"true\"><span class=\"h-svg-icon h-icon__icon style-186-icon style-local-34-c9-icon\"><!--Icon by Font Awesome (https:\/\/fontawesome.com)-->\n    <svg version=\"1.1\" xmlns=\"http:\/\/www.w3.org\/2000\/svg\" xmlns:xlink=\"http:\/\/www.w3.org\/1999\/xlink\" id=\"smile-o\" viewBox=\"0 0 1536 1896.0833\">\n      <path d=\"M1134 1075q-37 121-138 195t-228 74-228-74-138-195q-8-25 4-48.5t38-31.5q25-8 48.5 4t31.5 38q25 80 92.5 129.5T768 1216t151.5-49.5T1012 1037q8-26 32-38t49-4 37 31.5 4 48.5zM640 640q0 53-37.5 90.5T512 768t-90.5-37.5T384 640t37.5-90.5T512 512t90.5 37.5T640 640zm512 0q0 53-37.5 90.5T1024 768t-90.5-37.5T896 640t37.5-90.5T1024 512t90.5 37.5T1152 640zm256 256q0-130-51-248.5t-136.5-204-204-136.5T768 256t-248.5 51-204 136.5-136.5 204T128 896t51 248.5 136.5 204 204 136.5 248.5 51 248.5-51 204-136.5 136.5-204 51-248.5zm128 0q0 209-103 385.5T1153.5 1561 768 1664t-385.5-103T103 1281.5 0 896t103-385.5T382.5 231 768 128t385.5 103T1433 510.5 1536 896z\"><\/path>\n    <\/svg><\/span><\/a>\n              <\/div>\n              <div data-colibri-id=\"34-c10\" class=\"h-global-transition-all h-heading style-187 style-local-34-c10 position-relative h-element\">\n                <!---->\n                <div class=\"h-heading__outer style-187 style-local-34-c10\">\n                  <!---->\n                  <!---->\n                  <a href=\"https:\/\/winschulen.sharepoint.com\/sites\/supportcenter\/SitePages\/06.01%20iPad-einsetzen-bei-SuS-mit-besonderen-Bed%C3%BCrfnissen.aspx?CID=ef928837-e317-4928-bb55-66174ac158dc\" target=\"_blank\" h-use-smooth-scroll=\"true\">\n                    <h5 class=\"\">Besondere Bed\u00fcrfnisse<\/h5>\n                  <\/a>\n                <\/div>\n              <\/div>\n              <div data-colibri-id=\"34-c11\" class=\"h-text h-text-component style-188 style-local-34-c11 position-relative h-element\">\n                <!---->\n                <!---->\n                <div class=\"\">\n                  <p>Hier findest du Informationen und Material f\u00fcr Kinder mit speziellen Bed\u00fcrfnissen.<\/p>\n                <\/div>\n              <\/div>\n            <\/div>\n          <\/div>\n        <\/div>\n        <div class=\"h-column h-column-container d-flex h-col-lg-3 h-col-md-3 h-col-12 style-185-outer style-local-34-c12-outer\">\n          <div data-colibri-id=\"34-c12\" class=\"d-flex h-flex-basis h-column__inner h-px-lg-3 h-px-md-3 h-px-2 v-inner-lg-3 v-inner-md-3 v-inner-2 style-185 style-local-34-c12 position-relative\">\n            <!---->\n            <!---->\n            <div class=\"w-100 h-y-container h-column__content h-column__v-align flex-basis-100 align-self-lg-center align-self-md-center align-self-center\">\n              <!---->\n              <div data-colibri-id=\"34-c13\" class=\"h-icon style-186 style-local-34-c13 position-relative h-element\">\n                <!---->\n                <a href=\"https:\/\/www.mia4u.ch\/\" target=\"_blank\" h-use-smooth-scroll=\"true\"><span class=\"h-svg-icon h-icon__icon style-186-icon style-local-34-c13-icon\"><!--Icon by Font Awesome (https:\/\/fontawesome.com)-->\n    <svg version=\"1.1\" xmlns=\"http:\/\/www.w3.org\/2000\/svg\" xmlns:xlink=\"http:\/\/www.w3.org\/1999\/xlink\" id=\"list\" viewBox=\"0 0 1792 1896.0833\">\n      <path d=\"M256 1312v192q0 13-9.5 22.5T224 1536H32q-13 0-22.5-9.5T0 1504v-192q0-13 9.5-22.5T32 1280h192q13 0 22.5 9.5t9.5 22.5zm0-384v192q0 13-9.5 22.5T224 1152H32q-13 0-22.5-9.5T0 1120V928q0-13 9.5-22.5T32 896h192q13 0 22.5 9.5T256 928zm0-384v192q0 13-9.5 22.5T224 768H32q-13 0-22.5-9.5T0 736V544q0-13 9.5-22.5T32 512h192q13 0 22.5 9.5T256 544zm1536 768v192q0 13-9.5 22.5t-22.5 9.5H416q-13 0-22.5-9.5T384 1504v-192q0-13 9.5-22.5t22.5-9.5h1344q13 0 22.5 9.5t9.5 22.5zM256 160v192q0 13-9.5 22.5T224 384H32q-13 0-22.5-9.5T0 352V160q0-13 9.5-22.5T32 128h192q13 0 22.5 9.5T256 160zm1536 768v192q0 13-9.5 22.5t-22.5 9.5H416q-13 0-22.5-9.5T384 1120V928q0-13 9.5-22.5T416 896h1344q13 0 22.5 9.5t9.5 22.5zm0-384v192q0 13-9.5 22.5T1760 768H416q-13 0-22.5-9.5T384 736V544q0-13 9.5-22.5T416 512h1344q13 0 22.5 9.5t9.5 22.5zm0-384v192q0 13-9.5 22.5T1760 384H416q-13 0-22.5-9.5T384 352V160q0-13 9.5-22.5T416 128h1344q13 0 22.5 9.5t9.5 22.5z\"><\/path>\n    <\/svg><\/span><\/a>\n              <\/div>\n              <div data-colibri-id=\"34-c14\" class=\"h-global-transition-all h-heading style-187 style-local-34-c14 position-relative h-element\">\n                <!---->\n                <div class=\"h-heading__outer style-187 style-local-34-c14\">\n                  <!---->\n                  <!---->\n                  <a href=\"https:\/\/www.mia4u.ch\/\" target=\"_blank\" h-use-smooth-scroll=\"true\">\n                    <h5 class=\"\">Mia4u.ch<\/h5>\n                  <\/a>\n                <\/div>\n              <\/div>\n              <div data-colibri-id=\"34-c15\" class=\"h-text h-text-component style-188 style-local-34-c15 position-relative h-element\">\n                <!---->\n                <!---->\n                <div class=\"\">\n                  <p>Fachlich didaktisch geordnetes Material nach LP21<\/p>\n                <\/div>\n              <\/div>\n            <\/div>\n          <\/div>\n        <\/div>\n        <div class=\"h-column h-column-container d-flex h-col-lg-3 h-col-md-3 h-col-12 style-189-outer style-local-34-c16-outer\">\n          <div data-colibri-id=\"34-c16\" class=\"d-flex h-flex-basis h-column__inner h-px-lg-3 h-px-md-3 h-px-2 v-inner-lg-3 v-inner-md-3 v-inner-2 style-189 style-local-34-c16 position-relative\">\n            <!---->\n            <!---->\n            <div class=\"w-100 h-y-container h-column__content h-column__v-align flex-basis-100 align-self-lg-center align-self-md-center align-self-center\">\n              <!---->\n              <div data-colibri-id=\"34-c17\" class=\"h-icon style-186 style-local-34-c17 position-relative h-element\">\n                <!---->\n                <a href=\"https:\/\/blogs.phsg.ch\/ict-kompetenzen\/#neue-unterrichtsideen-zyklus-1\" h-use-smooth-scroll=\"true\"><span class=\"h-svg-icon h-icon__icon style-186-icon style-local-34-c17-icon\"><!--Icon by Font Awesome (https:\/\/fontawesome.com)-->\n    <svg version=\"1.1\" xmlns=\"http:\/\/www.w3.org\/2000\/svg\" xmlns:xlink=\"http:\/\/www.w3.org\/1999\/xlink\" id=\"refresh\" viewBox=\"0 0 1536 1896.0833\">\n      <path d=\"M1511 1056q0 5-1 7-64 268-268 434.5T764 1664q-146 0-282.5-55T238 1452l-129 129q-19 19-45 19t-45-19-19-45v-448q0-26 19-45t45-19h448q26 0 45 19t19 45-19 45l-137 137q71 66 161 102t187 36q134 0 250-65t186-179q11-17 53-117 8-23 30-23h192q13 0 22.5 9.5t9.5 22.5zm25-800v448q0 26-19 45t-45 19h-448q-26 0-45-19t-19-45 19-45l138-138Q969 384 768 384q-134 0-250 65T332 628q-11 17-53 117-8 23-30 23H50q-13 0-22.5-9.5T18 736v-7q65-268 270-434.5T768 128q146 0 284 55.5T1297 340l130-129q19-19 45-19t45 19 19 45z\"><\/path>\n    <\/svg><\/span><\/a>\n              <\/div>\n              <div data-colibri-id=\"34-c18\" class=\"h-global-transition-all h-heading style-187 style-local-34-c18 position-relative h-element\">\n                <!---->\n                <div class=\"h-heading__outer style-187 style-local-34-c18\">\n                  <!---->\n                  <!---->\n                  <a href=\"https:\/\/blogs.phsg.ch\/ict-kompetenzen\/#neue-unterrichtsideen-zyklus-1\" h-use-smooth-scroll=\"true\">\n                    <h5 class=\"\">Neues zu Mia<\/h5>\n                  <\/a>\n                <\/div>\n              <\/div>\n              <div data-colibri-id=\"34-c19\" class=\"h-text h-text-component style-188 style-local-34-c19 position-relative h-element\">\n                <!---->\n                <!---->\n                <div class=\"\">\n                  <p>Top aktuelle Seite der PHSG mit vielen sehr guten Ideen und Links SCHAU VORBEI.<\/p>\n                <\/div>\n              <\/div>\n            <\/div>\n          <\/div>\n        <\/div>\n      <\/div>\n    <\/div>\n  <\/div>\n<\/div>\n<div data-colibri-component=\"section\" data-colibri-id=\"34-c20\" id=\"about\" class=\"h-section h-section-global-spacing d-flex align-items-lg-center align-items-md-center align-items-center style-487 style-local-34-c20 position-relative\">\n  <!---->\n  <!---->\n  <div class=\"h-section-grid-container h-section-boxed-container\">\n    <!---->\n    <div data-colibri-id=\"34-c21\" class=\"h-row-container gutters-row-lg-0 gutters-row-md-0 gutters-row-0 gutters-row-v-lg-0 gutters-row-v-md-0 gutters-row-v-0 style-488 style-local-34-c21 position-relative\">\n      <!---->\n      <div class=\"h-row justify-content-lg-center justify-content-md-center justify-content-center align-items-lg-stretch align-items-md-stretch align-items-stretch gutters-col-lg-0 gutters-col-md-0 gutters-col-0 gutters-col-v-lg-0 gutters-col-v-md-0 gutters-col-v-0\">\n        <!---->\n        <div class=\"h-column h-column-container d-flex h-col-lg-auto h-col-md-auto h-col-auto style-489-outer style-local-34-c22-outer\">\n          <div data-colibri-id=\"34-c22\" class=\"d-flex h-flex-basis h-column__inner h-px-lg-0 h-px-md-0 h-px-0 v-inner-lg-0 v-inner-md-0 v-inner-0 style-489 style-local-34-c22 position-relative\">\n            <!---->\n            <!---->\n            <div class=\"w-100 h-y-container h-column__content h-column__v-align flex-basis-100 align-self-lg-start align-self-md-start align-self-start\">\n              <!---->\n              <div data-colibri-id=\"34-c23\" class=\"h-global-transition-all h-heading style-490 style-local-34-c23 position-relative h-element\">\n                <!---->\n                <div class=\"h-heading__outer style-490 style-local-34-c23\">\n                  <!---->\n                  <!---->\n                  <h5 class=\"\">.hep<\/h5>\n                <\/div>\n              <\/div>\n              <div data-colibri-id=\"34-c24\" class=\"h-global-transition-all h-heading style-491 style-local-34-c24 position-relative h-element\">\n                <!---->\n                <div class=\"h-heading__outer style-491 style-local-34-c24\">\n                  <!---->\n                  <!---->\n                  <a href=\"https:\/\/www.mia-comic.ch\/\" target=\"_blank\" h-use-smooth-scroll=\"true\">\n                    <h2 class=\"\">Mia-<em style=\"font-family: &quot;Playfair Display&quot;;\">comic<\/em><\/h2>\n                  <\/a>\n                <\/div>\n              <\/div>\n              <div data-colibri-id=\"34-c25\" class=\"h-text h-text-component style-492 style-local-34-c25 position-relative h-element\">\n                <!---->\n                <!---->\n                <div class=\"\">\n                  <p>die Fortsetzung zum MIA-Heft mit H\u00f6rtexten f\u00fcr SuS mit Fragen. Sehr gut aufbereitet und mit praktischen Links f\u00fcr Lehrpersonen.<\/p>\n                <\/div>\n              <\/div>\n            <\/div>\n          <\/div>\n        <\/div>\n        <div class=\"h-column h-column-container d-flex h-col-lg-auto h-col-md-auto h-col-auto style-493-outer style-local-34-c26-outer\">\n          <div data-colibri-id=\"34-c26\" class=\"d-flex h-flex-basis h-column__inner h-ui-empty-state-container h-px-lg-2 h-px-md-2 h-px-2 v-inner-lg-2 v-inner-md-2 v-inner-2 style-493 style-local-34-c26 position-relative\">\n            <!---->\n            <!---->\n            <div class=\"w-100 h-y-container h-column__content h-column__v-align flex-basis-100\">\n              <!---->\n            <\/div>\n          <\/div>\n        <\/div>\n      <\/div>\n    <\/div>\n  <\/div>\n<\/div>\n<div data-colibri-component=\"section\" data-colibri-id=\"34-c27\" id=\"about-2\" class=\"h-section h-section-global-spacing d-flex align-items-lg-center align-items-md-center align-items-center style-507 style-local-34-c27 position-relative\">\n  <!---->\n  <!---->\n  <div class=\"h-section-grid-container h-section-boxed-container\">\n    <!---->\n    <div data-colibri-id=\"34-c28\" class=\"h-row-container gutters-row-lg-0 gutters-row-md-0 gutters-row-0 gutters-row-v-lg-0 gutters-row-v-md-0 gutters-row-v-0 style-508 style-local-34-c28 position-relative\">\n      <!---->\n      <div class=\"h-row justify-content-lg-center justify-content-md-center justify-content-center align-items-lg-stretch align-items-md-stretch align-items-stretch gutters-col-lg-0 gutters-col-md-0 gutters-col-0 gutters-col-v-lg-0 gutters-col-v-md-0 gutters-col-v-0\">\n        <!---->\n        <div class=\"h-column h-column-container d-flex h-col-lg-auto h-col-md-auto h-col-auto style-509-outer style-local-34-c29-outer\">\n          <div data-colibri-id=\"34-c29\" class=\"d-flex h-flex-basis h-column__inner h-ui-empty-state-container h-px-lg-0 h-px-md-0 h-px-0 v-inner-lg-0 v-inner-md-0 v-inner-0 style-509 style-local-34-c29 position-relative\">\n            <div class=\"background-wrapper\">\n              <div class=\"background-layer background-layer-media-container-lg\">\n                <div class=\"background-layer\">\n                  <div id=\"background-video-34-c29-desktop\" data-video=\"https:\/\/youtu.be\/tnQStQM2Moc\" data-poster=\"https:\/\/picts.av-lan.net\/wp-content\/plugins\/colibri-page-builder-pro\/\/extend-builder\/assets\/images\/colibri-demo-video-cover.jpg\" data-mime-type=\"video\/x-youtube\"\n                    data-position-x=\"50.0000\" data-position-y=\"50.0000\" data-colibri-component=\"video-background\" class=\"cp-video-bg background-layer colibri-video-background\" style=\"background-image: url(&quot;https:\/\/picts.av-lan.net\/wp-content\/plugins\/colibri-page-builder-pro\/\/extend-builder\/assets\/images\/colibri-demo-video-cover.jpg&quot;);\"><\/div>\n                <\/div>\n              <\/div>\n              <div class=\"background-layer background-layer-media-container-md\">\n                <div class=\"background-layer\">\n                  <div id=\"background-video-34-c29-tablet\" data-video=\"https:\/\/youtu.be\/tnQStQM2Moc\" data-poster=\"https:\/\/picts.av-lan.net\/wp-content\/plugins\/colibri-page-builder-pro\/\/extend-builder\/assets\/images\/colibri-demo-video-cover.jpg\" data-mime-type=\"video\/x-youtube\"\n                    data-position-x=\"50.0000\" data-position-y=\"50.0000\" data-colibri-component=\"video-background\" class=\"cp-video-bg background-layer colibri-video-background\" style=\"background-image: url(&quot;https:\/\/picts.av-lan.net\/wp-content\/plugins\/colibri-page-builder-pro\/\/extend-builder\/assets\/images\/colibri-demo-video-cover.jpg&quot;);\"><\/div>\n                <\/div>\n              <\/div>\n              <div class=\"background-layer background-layer-media-container\">\n                <div class=\"background-layer\">\n                  <div id=\"background-video-34-c29-mobile\" data-video=\"https:\/\/youtu.be\/tnQStQM2Moc\" data-poster=\"https:\/\/picts.av-lan.net\/wp-content\/plugins\/colibri-page-builder-pro\/\/extend-builder\/assets\/images\/colibri-demo-video-cover.jpg\" data-mime-type=\"video\/x-youtube\"\n                    data-position-x=\"50.0000\" data-position-y=\"50.0000\" data-colibri-component=\"video-background\" class=\"cp-video-bg background-layer colibri-video-background\" style=\"background-image: url(&quot;https:\/\/picts.av-lan.net\/wp-content\/plugins\/colibri-page-builder-pro\/\/extend-builder\/assets\/images\/colibri-demo-video-cover.jpg&quot;);\"><\/div>\n                <\/div>\n              <\/div>\n            <\/div>\n            <!---->\n            <div class=\"w-100 h-y-container h-column__content h-column__v-align flex-basis-100\">\n              <!---->\n            <\/div>\n          <\/div>\n        <\/div>\n        <div class=\"h-column h-column-container d-flex h-col-lg-auto h-col-md-auto h-col-auto style-510-outer style-local-34-c30-outer\">\n          <div data-colibri-id=\"34-c30\" class=\"d-flex h-flex-basis h-column__inner h-px-lg-2 h-px-md-2 h-px-2 v-inner-lg-2 v-inner-md-2 v-inner-2 style-510 style-local-34-c30 position-relative\">\n            <!---->\n            <!---->\n            <div class=\"w-100 h-y-container h-column__content h-column__v-align flex-basis-100 align-self-lg-start align-self-md-start align-self-start\">\n              <!---->\n              <div data-colibri-id=\"34-c31\" class=\"h-global-transition-all h-heading style-511 style-local-34-c31 position-relative h-element\">\n                <!---->\n                <div class=\"h-heading__outer style-511 style-local-34-c31\">\n                  <!---->\n                  <!---->\n                  <h5 class=\"\">Schabi-KI<\/h5>\n                <\/div>\n              <\/div>\n              <div data-colibri-id=\"34-c32\" class=\"h-global-transition-all h-heading style-512 style-local-34-c32 position-relative h-element\">\n                <!---->\n                <div class=\"h-heading__outer style-512 style-local-34-c32\">\n                  <!---->\n                  <!---->\n                  <h2 class=\"\">Eine sehr praktische<em style=\"font-family: &quot;Playfair Display&quot;;\"> Videoanleitung<\/em><\/h2>\n                <\/div>\n              <\/div>\n              <div data-colibri-id=\"34-c33\" class=\"h-text h-text-component style-513 style-local-34-c33 position-relative h-element\">\n                <!---->\n                <!---->\n                <div class=\"\">\n                  <p>Erfahre wie du die KI-Dienste von schabi f\u00fcr dich oder deine Klasse nutzen kannst. Einen Kredit haben wir bereits. So kannst du gerne herumexperimentieren.<\/p>\n                <\/div>\n              <\/div>\n            <\/div>\n          <\/div>\n        <\/div>\n      <\/div>\n    <\/div>\n    <div data-colibri-id=\"34-c34\" class=\"h-row-container gutters-row-lg-2 gutters-row-md-2 gutters-row-0 gutters-row-v-lg-2 gutters-row-v-md-2 gutters-row-v-2 style-514 style-local-34-c34 position-relative\">\n      <!---->\n      <div class=\"h-row justify-content-lg-center justify-content-md-center justify-content-center align-items-lg-stretch align-items-md-stretch align-items-stretch gutters-col-lg-2 gutters-col-md-2 gutters-col-0 gutters-col-v-lg-2 gutters-col-v-md-2 gutters-col-v-2\">\n        <!---->\n        <div class=\"h-column h-column-container d-flex h-col-lg-auto h-col-md-auto h-col-auto style-515-outer style-local-34-c35-outer\">\n          <div data-colibri-id=\"34-c35\" class=\"d-flex h-flex-basis h-column__inner h-px-lg-2 h-px-md-2 h-px-2 v-inner-lg-2 v-inner-md-2 v-inner-2 style-515 style-local-34-c35 position-relative\">\n            <!---->\n            <!---->\n            <div class=\"w-100 h-y-container h-column__content h-column__v-align flex-basis-100 align-self-lg-start align-self-md-start align-self-start\">\n              <!---->\n              <div data-colibri-id=\"34-c36\" class=\"h-x-container style-516 style-local-34-c36 position-relative h-element\">\n                <!---->\n                <div class=\"h-x-container-inner style-dynamic-34-c36-group style-516-spacing style-local-34-c36-spacing\"><span class=\"h-button__outer style-517-outer style-local-34-c37-outer d-inline-flex h-element\"><a h-use-smooth-scroll=\"true\" href=\"https:\/\/youtu.be\/tnQStQM2Moc\" target=\"_blank\"  data-colibri-id=\"34-c37\" class=\"d-flex w-100 align-items-center h-button justify-content-lg-center justify-content-md-center justify-content-center style-517 style-local-34-c37 position-relative\"><!----><!----> <span>zum Video<\/span><\/a>\n                  <\/span>\n                <\/div>\n              <\/div>\n            <\/div>\n          <\/div>\n        <\/div>\n      <\/div>\n    <\/div>\n  <\/div>\n<\/div>\n<\/div>","protected":false},"excerpt":{"rendered":"<p>Material im Schulhaus Wusstest du, dass wir einen riesigen Greenscreen haben? Bald findest du hier eine Liste! Besondere Bed\u00fcrfnisse Hier findest du Informationen und Material f\u00fcr Kinder mit speziellen Bed\u00fcrfnissen. Mia4u.ch Fachlich didaktisch geordnetes Material nach LP21 Neues zu Mia Top aktuelle Seite der PHSG mit vielen sehr guten Ideen und Links SCHAU VORBEI. .hep [&hellip;]<\/p>\n","protected":false},"author":1,"featured_media":0,"parent":0,"menu_order":0,"comment_status":"closed","ping_status":"closed","template":"page-templates\/homepage.php","meta":{"footnotes":""},"class_list":["post-34","page","type-page","status-publish","hentry"],"_links":{"self":[{"href":"https:\/\/picts.av-lan.net\/index.php?rest_route=\/wp\/v2\/pages\/34","targetHints":{"allow":["GET"]}}],"collection":[{"href":"https:\/\/picts.av-lan.net\/index.php?rest_route=\/wp\/v2\/pages"}],"about":[{"href":"https:\/\/picts.av-lan.net\/index.php?rest_route=\/wp\/v2\/types\/page"}],"author":[{"embeddable":true,"href":"https:\/\/picts.av-lan.net\/index.php?rest_route=\/wp\/v2\/users\/1"}],"replies":[{"embeddable":true,"href":"https:\/\/picts.av-lan.net\/index.php?rest_route=%2Fwp%2Fv2%2Fcomments&post=34"}],"version-history":[{"count":20,"href":"https:\/\/picts.av-lan.net\/index.php?rest_route=\/wp\/v2\/pages\/34\/revisions"}],"predecessor-version":[{"id":511,"href":"https:\/\/picts.av-lan.net\/index.php?rest_route=\/wp\/v2\/pages\/34\/revisions\/511"}],"wp:attachment":[{"href":"https:\/\/picts.av-lan.net\/index.php?rest_route=%2Fwp%2Fv2%2Fmedia&parent=34"}],"curies":[{"name":"wp","href":"https:\/\/api.w.org\/{rel}","templated":true}]}}